{"id":117304,"date":"2020-11-04T11:50:13","date_gmt":"2020-11-04T16:50:13","guid":{"rendered":"https:\/\/peintureece.com\/mesures-preventives-covid\/"},"modified":"2020-11-04T11:50:15","modified_gmt":"2020-11-04T16:50:15","slug":"mesures-preventives-covid","status":"publish","type":"page","link":"https:\/\/peintureece.com\/en\/mesures-preventives-covid\/","title":{"rendered":"Mesures Pr\u00e9ventives COVID"},"content":{"rendered":"<p>[et_pb_section fb_built=&#8221;1&#8243; _builder_version=&#8221;4.4.8&#8243;][et_pb_row column_structure=&#8221;2_3,1_3&#8243; _builder_version=&#8221;4.4.8&#8243; hover_enabled=&#8221;0&#8243;][et_pb_column type=&#8221;2_3&#8243; _builder_version=&#8221;4.4.8&#8243;][et_pb_text _builder_version=&#8221;4.4.8&#8243; text_font_size=&#8221;16px&#8221; header_2_line_height=&#8221;1.3em&#8221; header_4_line_height=&#8221;1.3em&#8221; hover_enabled=&#8221;0&#8243;]<\/p>\n<h2 class=\"p2\">Mesures de s\u00e9curit\u00e9 \u00e0 respecter sur les lieux de travail pour nos clients et nos peintres dans le contexte de la COVID19 :<\/h2>\n<h4 class=\"p2\">\u00ab La pr\u00e9vention de la propagation du virus passe par l\u2019adoption de mesures d\u2019hygi\u00e8ne et de salubrit\u00e9 performantes pour tous. Ces mesures de pr\u00e9vention repr\u00e9sentent une valeur ajout\u00e9e pour le bien \u00eatre de tous.<\/h4>\n<p>Peinture ECE suit les recommendations de pr\u00e9vention de contagions \u00e9mises par l&#8217;<a href=\"https:\/\/www.apchq.com\/search?addsearch=covid\" target=\"_blank\" rel=\"noopener noreferrer\">APCHQ<\/a> et l&#8217;<a href=\"https:\/\/www.acq.org\/coronavirus\/sante-securite-du-travail\/\" target=\"_blank\" rel=\"noopener noreferrer\">ACQ<\/a>. Pour la protection collective, tous nos peintres sont li\u00e9s \u00e0 des directives et proc\u00e9dures clairs. Ainsi chaque \u00e9quipe de peintres sont :<\/p>\n<ul>\n<li class=\"p1\">\u00c9quip\u00e9s de d\u00e9sinfectant \u00e0 base d\u2019alcool;<\/li>\n<li class=\"p1\">Observent les r\u00e8gles d\u2019hygi\u00e8ne lorsqu\u2019ils toussent ou \u00e9ternuent et doivent se couvrir la bouche et le nez avec leur bras afin de r\u00e9duire la propagation des germes;<\/li>\n<li>Jettent d\u00e8s que possible tout papier mouchoir utilis\u00e9 et se laver les mains par la suite;<\/li>\n<li>Doivent se couvrir avec les masques, gants et lunettes fournis;<\/li>\n<li>Doivent \u00e9viter le contact direct pour les salutations, comme les poign\u00e9es de mains;<\/li>\n<\/ul>\n<p>Nous privil\u00e9gions les chantiers de projet exempts d\u2019autres \u00e9quipes de travail (pl\u00e2triers, \u00e9lectriciens, carreleurs, etc\u2026) et demandons \u00e0 nos clients de respecter les distances r\u00e9glementaires voire de quitter les lieux le temps de l\u2019ex\u00e9cution des travaux.<\/p>\n<h2>Transparence et communication<\/h2>\n<p class=\"p1\">Les risques de contagion de nos peintres et employ\u00e9s sont \u00e9valu\u00e9s quotidiennement en v\u00e9rifiant\u00a0aupr\u00e8s d&#8217;eux les r\u00e9ponses aux\u00a0trois questions suivantes<span style=\"font-size: 16px;\">\u00a0:<\/span><\/p>\n<ul>\n<li class=\"p1\">L&#8217;employ\u00e9 a-t-il voyag\u00e9 \u00e0 l\u2019ext\u00e9rieur du pays dans les derniers 14 jours ?<\/li>\n<li class=\"p1\">Pr\u00e9sente-t-il des sympt\u00f4mes (fi\u00e8vre, toux, perte soudaine d\u2019odorat, difficult\u00e9s respiratoires) ?<\/li>\n<li class=\"p1\">A-t-il \u00e9t\u00e9 en contact \u00e9troit avec une personne qui constitue un cas confirm\u00e9 ou probable d\u2019infection par la COVID-19 ?<\/li>\n<\/ul>\n<p>Si l&#8217;employ\u00e9 r\u00e9pond \u00ab oui \u00bb \u00e0 une de ces questions, il pourrait \u00eatre justifi\u00e9 d\u2019imposer un isolement de 14 jours \u00e0 la maison \u00e0 l&#8217;employ\u00e9 ainsi qu&#8217;un d\u00e9pistage obligatoire pour lui et son \u00e9quipe. Si un employ\u00e9 pr\u00e9sente un diagnostique positif \u00e0 la COVID-19, le ou les clients en lien avec un projet en seront \u00e9galement inform\u00e9s, une \u00e9quipe de remplacement sera d\u00e9ploy\u00e9e pour terminer le projet de peinture.<\/p>\n<p>[\/et_pb_text][et_pb_text _builder_version=&#8221;4.4.8&#8243; text_font_size=&#8221;16px&#8221; header_2_line_height=&#8221;1.3em&#8221; header_4_line_height=&#8221;1.3em&#8221; hover_enabled=&#8221;0&#8243;]<\/p>\n<h2>Une responsabilit\u00e9 collective<\/h2>\n<p>Si les travaux de peinture doivent s\u2019\u00e9chelonner sur plus d\u2019une journ\u00e9e, le client doit aviser l\u2019entrepreneur ou les travailleurs de tous changements quant \u00e0 son \u00e9tat de sant\u00e9 et d\u2019\u00e9tat g\u00e9n\u00e9ral de sant\u00e9 des r\u00e9sidents.<\/p>\n<p>Le client doit, notamment :<\/p>\n<ul>\n<li>Aviser l\u2019entrepreneur si des membres de sa famille sont identifi\u00e9s comme \u00e9tant un groupe \u00e0 risque (60 ans et plus, personne avec une maladie chronique, etc.).<\/li>\n<li>Permettre aux travailleurs d\u2019avoir acc\u00e8s \u00e0 de l\u2019eau afin qu\u2019ils puissent se laver les mains fr\u00e9quemment.<\/li>\n<li>Permettre aux travailleurs d\u2019avoir acc\u00e8s \u00e0 une toilette.<\/li>\n<li>Respecter la distanciation physique avec les travailleurs et \u00e9viter d\u2019\u00eatre dans la m\u00eame pi\u00e8ce que ces derniers.<\/li>\n<\/ul>\n<p>Pour plus d&#8217;information concernant les mesures de pr\u00e9vention de l&#8217;industrie consultez : <a href=\"https:\/\/www.apchq.com\/search?addsearch=covid\" target=\"_blank\" rel=\"noopener noreferrer\">APCHQ<\/a>\u00a0<span class=\"s2\">&amp;\u00a0<\/span><a href=\"https:\/\/www.acq.org\/coronavirus\/sante-securite-du-travail\/\" target=\"_blank\" rel=\"noopener noreferrer\">ACQ<\/a><\/p>\n<p>[\/et_pb_text][et_pb_divider _builder_version=&#8221;4.4.8&#8243;][\/et_pb_divider][\/et_pb_column][et_pb_column type=&#8221;1_3&#8243; _builder_version=&#8221;4.4.8&#8243;][et_pb_image src=&#8221;https:\/\/peintureece.com\/wp-content\/uploads\/2020\/08\/peinture-ece-covid-mesures.jpg&#8221; title_text=&#8221;peinture-ece-covid-mesures&#8221; _builder_version=&#8221;4.4.8&#8243; animation_style=&#8221;fade&#8221;][\/et_pb_image][\/et_pb_column][\/et_pb_row][\/et_pb_section]<\/p>\n","protected":false},"excerpt":{"rendered":"<p>Mesures de s\u00e9curit\u00e9 \u00e0 respecter sur les lieux de travail pour nos clients et nos peintres dans le contexte de la COVID19 : \u00ab La pr\u00e9vention de la propagation du virus passe par l\u2019adoption de mesures d\u2019hygi\u00e8ne et de salubrit\u00e9 performantes pour tous. Ces mesures de pr\u00e9vention repr\u00e9sentent une valeur ajout\u00e9e pour le bien \u00eatre [&hellip;]<\/p>\n","protected":false},"author":2,"featured_media":0,"parent":0,"menu_order":0,"comment_status":"closed","ping_status":"closed","template":"","meta":{"_et_pb_use_builder":"on","_et_pb_old_content":"","_et_gb_content_width":"","_monsterinsights_skip_tracking":false,"_monsterinsights_sitenote_active":false,"_monsterinsights_sitenote_note":"","_monsterinsights_sitenote_category":0,"footnotes":""},"class_list":["post-117304","page","type-page","status-publish","hentry"],"yoast_head":"<!-- This site is optimized with the Yoast SEO plugin v25.2 - https:\/\/yoast.com\/wordpress\/plugins\/seo\/ -->\n<title>Mesures Pr\u00e9ventives COVID | Peinture ECE, Montreal Professional Painters<\/title>\n<meta name=\"description\" content=\"Residential &amp; Commercial Painter for Montreal and Laval. Peinture ECE, interior and exterior painter expert. Home or house, condo, apartment or business painting work. 14 years of experience.\" \/>\n<meta name=\"robots\" content=\"index, follow, max-snippet:-1, max-image-preview:large, max-video-preview:-1\" \/>\n<link rel=\"canonical\" href=\"https:\/\/peintureece.com\/en\/mesures-preventives-covid\/\" \/>\n<meta property=\"og:locale\" content=\"en_US\" \/>\n<meta property=\"og:type\" content=\"article\" \/>\n<meta property=\"og:title\" content=\"Mesures Pr\u00e9ventives COVID | Peinture ECE, Montreal Professional Painters\" \/>\n<meta property=\"og:description\" content=\"Residential &amp; Commercial Painter for Montreal and Laval. Peinture ECE, interior and exterior painter expert. Home or house, condo, apartment or business painting work. 14 years of experience.\" \/>\n<meta property=\"og:url\" content=\"https:\/\/peintureece.com\/en\/mesures-preventives-covid\/\" \/>\n<meta property=\"og:site_name\" content=\"Peinture ECE, Montreal Professional Painters\" \/>\n<meta property=\"article:modified_time\" content=\"2020-11-04T16:50:15+00:00\" \/>\n<meta name=\"twitter:card\" content=\"summary_large_image\" \/>\n<meta name=\"twitter:label1\" content=\"Est. reading time\" \/>\n\t<meta name=\"twitter:data1\" content=\"3 minutes\" \/>\n<script type=\"application\/ld+json\" class=\"yoast-schema-graph\">{\"@context\":\"https:\/\/schema.org\",\"@graph\":[{\"@type\":\"WebPage\",\"@id\":\"https:\/\/peintureece.com\/en\/mesures-preventives-covid\/\",\"url\":\"https:\/\/peintureece.com\/en\/mesures-preventives-covid\/\",\"name\":\"Mesures Pr\u00e9ventives COVID | Peinture ECE, Montreal Professional Painters\",\"isPartOf\":{\"@id\":\"https:\/\/peintureece.com\/#website\"},\"datePublished\":\"2020-11-04T16:50:13+00:00\",\"dateModified\":\"2020-11-04T16:50:15+00:00\",\"description\":\"Residential & Commercial Painter for Montreal and Laval. Peinture ECE, interior and exterior painter expert. Home or house, condo, apartment or business painting work. 14 years of experience.\",\"inLanguage\":\"en-US\",\"potentialAction\":[{\"@type\":\"ReadAction\",\"target\":[\"https:\/\/peintureece.com\/en\/mesures-preventives-covid\/\"]}]},{\"@type\":\"WebSite\",\"@id\":\"https:\/\/peintureece.com\/#website\",\"url\":\"https:\/\/peintureece.com\/\",\"name\":\"Peinture ECE, Montreal Professional Painters\",\"description\":\"Peintre R\u00e9sidentiel Int\u00e9rieur &amp; Ext\u00e9rieur.\",\"publisher\":{\"@id\":\"https:\/\/peintureece.com\/#organization\"},\"potentialAction\":[{\"@type\":\"SearchAction\",\"target\":{\"@type\":\"EntryPoint\",\"urlTemplate\":\"https:\/\/peintureece.com\/?s={search_term_string}\"},\"query-input\":{\"@type\":\"PropertyValueSpecification\",\"valueRequired\":true,\"valueName\":\"search_term_string\"}}],\"inLanguage\":\"en-US\"},{\"@type\":\"Organization\",\"@id\":\"https:\/\/peintureece.com\/#organization\",\"name\":\"Peintre Montr\u00e9al Peinture ECE\",\"url\":\"https:\/\/peintureece.com\/\",\"logo\":{\"@type\":\"ImageObject\",\"inLanguage\":\"en-US\",\"@id\":\"https:\/\/peintureece.com\/#\/schema\/logo\/image\/\",\"url\":\"https:\/\/peintureece.com\/wp-content\/uploads\/2020\/06\/peinture-ece-montreal-laval-Footer.png\",\"contentUrl\":\"https:\/\/peintureece.com\/wp-content\/uploads\/2020\/06\/peinture-ece-montreal-laval-Footer.png\",\"width\":500,\"height\":80,\"caption\":\"Peintre Montr\u00e9al Peinture ECE\"},\"image\":{\"@id\":\"https:\/\/peintureece.com\/#\/schema\/logo\/image\/\"}}]}<\/script>\n<!-- \/ Yoast SEO plugin. -->","yoast_head_json":{"title":"Mesures Pr\u00e9ventives COVID | Peinture ECE, Montreal Professional Painters","description":"Residential & Commercial Painter for Montreal and Laval. Peinture ECE, interior and exterior painter expert. Home or house, condo, apartment or business painting work. 14 years of experience.","robots":{"index":"index","follow":"follow","max-snippet":"max-snippet:-1","max-image-preview":"max-image-preview:large","max-video-preview":"max-video-preview:-1"},"canonical":"https:\/\/peintureece.com\/en\/mesures-preventives-covid\/","og_locale":"en_US","og_type":"article","og_title":"Mesures Pr\u00e9ventives COVID | Peinture ECE, Montreal Professional Painters","og_description":"Residential & Commercial Painter for Montreal and Laval. Peinture ECE, interior and exterior painter expert. Home or house, condo, apartment or business painting work. 14 years of experience.","og_url":"https:\/\/peintureece.com\/en\/mesures-preventives-covid\/","og_site_name":"Peinture ECE, Montreal Professional Painters","article_modified_time":"2020-11-04T16:50:15+00:00","twitter_card":"summary_large_image","twitter_misc":{"Est. reading time":"3 minutes"},"schema":{"@context":"https:\/\/schema.org","@graph":[{"@type":"WebPage","@id":"https:\/\/peintureece.com\/en\/mesures-preventives-covid\/","url":"https:\/\/peintureece.com\/en\/mesures-preventives-covid\/","name":"Mesures Pr\u00e9ventives COVID | Peinture ECE, Montreal Professional Painters","isPartOf":{"@id":"https:\/\/peintureece.com\/#website"},"datePublished":"2020-11-04T16:50:13+00:00","dateModified":"2020-11-04T16:50:15+00:00","description":"Residential & Commercial Painter for Montreal and Laval. Peinture ECE, interior and exterior painter expert. Home or house, condo, apartment or business painting work. 14 years of experience.","inLanguage":"en-US","potentialAction":[{"@type":"ReadAction","target":["https:\/\/peintureece.com\/en\/mesures-preventives-covid\/"]}]},{"@type":"WebSite","@id":"https:\/\/peintureece.com\/#website","url":"https:\/\/peintureece.com\/","name":"Peinture ECE, Montreal Professional Painters","description":"Peintre R\u00e9sidentiel Int\u00e9rieur &amp; Ext\u00e9rieur.","publisher":{"@id":"https:\/\/peintureece.com\/#organization"},"potentialAction":[{"@type":"SearchAction","target":{"@type":"EntryPoint","urlTemplate":"https:\/\/peintureece.com\/?s={search_term_string}"},"query-input":{"@type":"PropertyValueSpecification","valueRequired":true,"valueName":"search_term_string"}}],"inLanguage":"en-US"},{"@type":"Organization","@id":"https:\/\/peintureece.com\/#organization","name":"Peintre Montr\u00e9al Peinture ECE","url":"https:\/\/peintureece.com\/","logo":{"@type":"ImageObject","inLanguage":"en-US","@id":"https:\/\/peintureece.com\/#\/schema\/logo\/image\/","url":"https:\/\/peintureece.com\/wp-content\/uploads\/2020\/06\/peinture-ece-montreal-laval-Footer.png","contentUrl":"https:\/\/peintureece.com\/wp-content\/uploads\/2020\/06\/peinture-ece-montreal-laval-Footer.png","width":500,"height":80,"caption":"Peintre Montr\u00e9al Peinture ECE"},"image":{"@id":"https:\/\/peintureece.com\/#\/schema\/logo\/image\/"}}]}},"_links":{"self":[{"href":"https:\/\/peintureece.com\/en\/wp-json\/wp\/v2\/pages\/117304","targetHints":{"allow":["GET"]}}],"collection":[{"href":"https:\/\/peintureece.com\/en\/wp-json\/wp\/v2\/pages"}],"about":[{"href":"https:\/\/peintureece.com\/en\/wp-json\/wp\/v2\/types\/page"}],"author":[{"embeddable":true,"href":"https:\/\/peintureece.com\/en\/wp-json\/wp\/v2\/users\/2"}],"replies":[{"embeddable":true,"href":"https:\/\/peintureece.com\/en\/wp-json\/wp\/v2\/comments?post=117304"}],"version-history":[{"count":0,"href":"https:\/\/peintureece.com\/en\/wp-json\/wp\/v2\/pages\/117304\/revisions"}],"wp:attachment":[{"href":"https:\/\/peintureece.com\/en\/wp-json\/wp\/v2\/media?parent=117304"}],"curies":[{"name":"wp","href":"https:\/\/api.w.org\/{rel}","templated":true}]}}